{"id":140,"date":"2024-05-23T18:39:36","date_gmt":"2024-05-23T18:39:36","guid":{"rendered":"https:\/\/bsvservis-bazeni.hr\/?page_id=140"},"modified":"2024-08-06T09:35:37","modified_gmt":"2024-08-06T09:35:37","slug":"kontakt","status":"publish","type":"page","link":"https:\/\/bsvservis-bazeni.hr\/cs\/kontakt\/","title":{"rendered":"Kontakt"},"content":{"rendered":"<div data-elementor-type=\"wp-page\" data-elementor-id=\"140\" class=\"elementor elementor-140\">\n\t\t\t\t<div class=\"elementor-element elementor-element-6246232 e-flex e-con-boxed e-con e-parent\" data-id=\"6246232\" data-element_type=\"container\" data-core-v316-plus=\"true\">\n\t\t\t\t\t<div class=\"e-con-inner\">\n\t\t<div class=\"elementor-element elementor-element-c117aa4 e-con-full e-flex e-con e-child\" data-id=\"c117aa4\" data-element_type=\"container\">\n\t\t\t\t<div class=\"elementor-element elementor-element-d613e34 elementor-widget elementor-widget-heading\" data-id=\"d613e34\" data-element_type=\"widget\" data-widget_type=\"heading.default\">\n\t\t\t\t<div class=\"elementor-widget-container\">\n\t\t\t<style>\/*! elementor - v3.20.0 - 20-03-2024 *\/\n.elementor-heading-title{padding:0;margin:0;line-height:1}.elementor-widget-heading .elementor-heading-title[class*=elementor-size-]>a{color:inherit;font-size:inherit;line-height:inherit}.elementor-widget-heading .elementor-heading-title.elementor-size-small{font-size:15px}.elementor-widget-heading .elementor-heading-title.elementor-size-medium{font-size:19px}.elementor-widget-heading .elementor-heading-title.elementor-size-large{font-size:29px}.elementor-widget-heading .elementor-heading-title.elementor-size-xl{font-size:39px}.elementor-widget-heading .elementor-heading-title.elementor-size-xxl{font-size:59px}<\/style><h1 class=\"elementor-heading-title elementor-size-default\">Kontaktujte n\u00e1s a prom\u011b\u0148te sv\u016fj domov ve wellness centrum<\/h1>\t\t<\/div>\n\t\t\t\t<\/div>\n\t\t\t\t<div class=\"elementor-element elementor-element-33ddb1f elementor-widget elementor-widget-text-editor\" data-id=\"33ddb1f\" data-element_type=\"widget\" data-widget_type=\"text-editor.default\">\n\t\t\t\t<div class=\"elementor-widget-container\">\n\t\t\t<style>\/*! elementor - v3.20.0 - 20-03-2024 *\/\n.elementor-widget-text-editor.elementor-drop-cap-view-stacked .elementor-drop-cap{background-color:#69727d;color:#fff}.elementor-widget-text-editor.elementor-drop-cap-view-framed .elementor-drop-cap{color:#69727d;border:3px solid;background-color:transparent}.elementor-widget-text-editor:not(.elementor-drop-cap-view-default) .elementor-drop-cap{margin-top:8px}.elementor-widget-text-editor:not(.elementor-drop-cap-view-default) .elementor-drop-cap-letter{width:1em;height:1em}.elementor-widget-text-editor .elementor-drop-cap{float:left;text-align:center;line-height:1;font-size:50px}.elementor-widget-text-editor .elementor-drop-cap-letter{display:inline-block}<\/style>\t\t\t\t<p><strong>Kancel\u00e1\u0159\u00a0<\/strong><\/p><p>Dejte Duilova 10b,<br \/>Rozd\u011blen\u00ed 21 000<\/p><p><strong>Sedadlo<\/strong><\/p><p>BSV Servis doo<\/p><p>Ercegovci 46 A,<br \/>21232 \u0158ekn\u011bme<\/p><p><a href=\"tel: 385 99 664 8976\">+385 99 664 8976<\/a><br \/><a href=\"tel: 385 99 529 0545\">+385 99 529 0545<\/a><\/p><p>bsvbazeni@gmail.com<br \/>info@bsvservis-bazeni.hr<\/p>\t\t\t\t\t\t<\/div>\n\t\t\t\t<\/div>\n\t\t\t\t<\/div>\n\t\t<div class=\"elementor-element elementor-element-c9dea6d e-con-full e-flex e-con e-child\" data-id=\"c9dea6d\" data-element_type=\"container\">\n\t\t\t\t<div class=\"elementor-element elementor-element-bd578ab elementor-button-align-end elementor-widget elementor-widget-form\" data-id=\"bd578ab\" data-element_type=\"widget\" data-settings=\"{&quot;step_next_label&quot;:&quot;Next&quot;,&quot;step_previous_label&quot;:&quot;Previous&quot;,&quot;button_width&quot;:&quot;100&quot;,&quot;step_type&quot;:&quot;number_text&quot;,&quot;step_icon_shape&quot;:&quot;circle&quot;}\" data-widget_type=\"form.default\">\n\t\t\t\t<div class=\"elementor-widget-container\">\n\t\t\t<style>\/*! elementor-pro - v3.7.1 - 16-05-2022 *\/\n.elementor-button.elementor-hidden,.elementor-hidden{display:none}.e-form__step{width:100%}.e-form__step:not(.elementor-hidden){display:-webkit-box;display:-ms-flexbox;display:flex;-ms-flex-wrap:wrap;flex-wrap:wrap}.e-form__buttons{-ms-flex-wrap:wrap;flex-wrap:wrap}.e-form__buttons,.e-form__buttons__wrapper{display:-webkit-box;display:-ms-flexbox;display:flex}.e-form__indicators{-webkit-box-pack:justify;-ms-flex-pack:justify;justify-content:space-between;-ms-flex-wrap:nowrap;flex-wrap:nowrap;font-size:13px;margin-bottom:var(--e-form-steps-indicators-spacing)}.e-form__indicators,.e-form__indicators__indicator{display:-webkit-box;display:-ms-flexbox;display:flex;-webkit-box-align:center;-ms-flex-align:center;align-items:center}.e-form__indicators__indicator{-webkit-box-orient:vertical;-webkit-box-direction:normal;-ms-flex-direction:column;flex-direction:column;-webkit-box-pack:center;-ms-flex-pack:center;justify-content:center;-ms-flex-preferred-size:0;flex-basis:0;padding:0 var(--e-form-steps-divider-gap)}.e-form__indicators__indicator__progress{width:100%;position:relative;background-color:var(--e-form-steps-indicator-progress-background-color);border-radius:var(--e-form-steps-indicator-progress-border-radius);overflow:hidden}.e-form__indicators__indicator__progress__meter{width:var(--e-form-steps-indicator-progress-meter-width,0);height:var(--e-form-steps-indicator-progress-height);line-height:var(--e-form-steps-indicator-progress-height);padding-right:15px;border-radius:var(--e-form-steps-indicator-progress-border-radius);background-color:var(--e-form-steps-indicator-progress-color);color:var(--e-form-steps-indicator-progress-meter-color);text-align:right;-webkit-transition:width .1s linear;-o-transition:width .1s linear;transition:width .1s linear}.e-form__indicators__indicator:first-child{padding-left:0}.e-form__indicators__indicator:last-child{padding-right:0}.e-form__indicators__indicator--state-inactive{color:var(--e-form-steps-indicator-inactive-primary-color,#c2cbd2)}.e-form__indicators__indicator--state-inactive [class*=indicator--shape-]:not(.e-form__indicators__indicator--shape-none){background-color:var(--e-form-steps-indicator-inactive-secondary-color,#fff)}.e-form__indicators__indicator--state-inactive object,.e-form__indicators__indicator--state-inactive svg{fill:var(--e-form-steps-indicator-inactive-primary-color,#c2cbd2)}.e-form__indicators__indicator--state-active{color:var(--e-form-steps-indicator-active-primary-color,#39b54a);border-color:var(--e-form-steps-indicator-active-secondary-color,#fff)}.e-form__indicators__indicator--state-active [class*=indicator--shape-]:not(.e-form__indicators__indicator--shape-none){background-color:var(--e-form-steps-indicator-active-secondary-color,#fff)}.e-form__indicators__indicator--state-active object,.e-form__indicators__indicator--state-active svg{fill:var(--e-form-steps-indicator-active-primary-color,#39b54a)}.e-form__indicators__indicator--state-completed{color:var(--e-form-steps-indicator-completed-secondary-color,#fff)}.e-form__indicators__indicator--state-completed [class*=indicator--shape-]:not(.e-form__indicators__indicator--shape-none){background-color:var(--e-form-steps-indicator-completed-primary-color,#39b54a)}.e-form__indicators__indicator--state-completed .e-form__indicators__indicator__label{color:var(--e-form-steps-indicator-completed-primary-color,#39b54a)}.e-form__indicators__indicator--state-completed .e-form__indicators__indicator--shape-none{color:var(--e-form-steps-indicator-completed-primary-color,#39b54a);background-color:initial}.e-form__indicators__indicator--state-completed object,.e-form__indicators__indicator--state-completed svg{fill:var(--e-form-steps-indicator-completed-secondary-color,#fff)}.e-form__indicators__indicator__icon{width:var(--e-form-steps-indicator-padding,30px);height:var(--e-form-steps-indicator-padding,30px);font-size:var(--e-form-steps-indicator-icon-size);border-width:1px;border-style:solid;display:-webkit-box;display:-ms-flexbox;display:flex;-webkit-box-pack:center;-ms-flex-pack:center;justify-content:center;-webkit-box-align:center;-ms-flex-align:center;align-items:center;overflow:hidden;margin-bottom:10px}.e-form__indicators__indicator__icon img,.e-form__indicators__indicator__icon object,.e-form__indicators__indicator__icon svg{width:var(--e-form-steps-indicator-icon-size);height:auto}.e-form__indicators__indicator__icon .e-font-icon-svg{height:1em}.e-form__indicators__indicator__number{width:var(--e-form-steps-indicator-padding,30px);height:var(--e-form-steps-indicator-padding,30px);border-width:1px;border-style:solid;display:-webkit-box;display:-ms-flexbox;display:flex;-webkit-box-pack:center;-ms-flex-pack:center;justify-content:center;-webkit-box-align:center;-ms-flex-align:center;align-items:center;margin-bottom:10px}.e-form__indicators__indicator--shape-circle{border-radius:50%}.e-form__indicators__indicator--shape-square{border-radius:0}.e-form__indicators__indicator--shape-rounded{border-radius:5px}.e-form__indicators__indicator--shape-none{border:0}.e-form__indicators__indicator__label{text-align:center}.e-form__indicators__indicator__separator{width:100%;height:var(--e-form-steps-divider-width);background-color:#c2cbd2}.e-form__indicators--type-icon,.e-form__indicators--type-icon_text,.e-form__indicators--type-number,.e-form__indicators--type-number_text{-webkit-box-align:start;-ms-flex-align:start;align-items:flex-start}.e-form__indicators--type-icon .e-form__indicators__indicator__separator,.e-form__indicators--type-icon_text .e-form__indicators__indicator__separator,.e-form__indicators--type-number .e-form__indicators__indicator__separator,.e-form__indicators--type-number_text .e-form__indicators__indicator__separator{margin-top:calc(var(--e-form-steps-indicator-padding, 30px) \/ 2 - var(--e-form-steps-divider-width, 1px) \/ 2)}.elementor-field-type-hidden{display:none}.elementor-field-type-html{display:inline-block}.elementor-login .elementor-lost-password,.elementor-login .elementor-remember-me{font-size:.85em}.elementor-field-type-recaptcha_v3 .elementor-field-label{display:none}.elementor-field-type-recaptcha_v3 .grecaptcha-badge{z-index:1}.elementor-button .elementor-form-spinner{-webkit-box-ordinal-group:4;-ms-flex-order:3;order:3}.elementor-form .elementor-button>span{display:-webkit-box;display:-ms-flexbox;display:flex;-webkit-box-pack:center;-ms-flex-pack:center;justify-content:center;-webkit-box-align:center;-ms-flex-align:center;align-items:center}.elementor-form .elementor-button .elementor-button-text{white-space:normal;-webkit-box-flex:0;-ms-flex-positive:0;flex-grow:0}.elementor-form .elementor-button svg{height:auto}.elementor-form .elementor-button .e-font-icon-svg{height:1em}<\/style>\t\t<form class=\"elementor-form\" method=\"post\" name=\"Footer Contact\" action=\"\">\n\t\t\t<input type=\"hidden\" name=\"post_id\" value=\"140\"\/>\n\t\t\t<input type=\"hidden\" name=\"form_id\" value=\"bd578ab\"\/>\n\t\t\t<input type=\"hidden\" name=\"referer_title\" value=\"BSV | Jacuzzi, Saune i hladne kade; Osjetite luksuz u va&scaron;em domu\" \/>\n\n\t\t\t\n\t\t\t<div class=\"elementor-form-fields-wrapper elementor-labels-\">\n\t\t\t\t\t\t\t\t<div class=\"elementor-field-type-email elementor-field-group elementor-column elementor-field-group-email elementor-col-100 elementor-field-required\">\n\t\t\t\t\t\t\t\t\t\t\t\t<label for=\"form-field-email\" class=\"elementor-field-label elementor-screen-only\">\n\t\t\t\t\t\t\t\tE-mail\t\t\t\t\t\t\t<\/label>\n\t\t\t\t\t\t\t\t\t\t\t\t\t\t<input size=\"1\" type=\"email\" name=\"form_fields[email]\" id=\"form-field-email\" class=\"elementor-field elementor-size-lg  elementor-field-textual\" placeholder=\"E-mail\" required=\"required\" aria-required=\"true\">\n\t\t\t\t\t\t\t\t\t\t\t<\/div>\n\t\t\t\t\t\t\t\t<div class=\"elementor-field-type-textarea elementor-field-group elementor-column elementor-field-group-message elementor-col-100\">\n\t\t\t\t\t\t\t\t\t\t\t\t<label for=\"form-field-message\" class=\"elementor-field-label elementor-screen-only\">\n\t\t\t\t\t\t\t\tZpr\u00e1va\t\t\t\t\t\t\t<\/label>\n\t\t\t\t\t\t<textarea class=\"elementor-field-textual elementor-field  elementor-size-lg\" name=\"form_fields[message]\" id=\"form-field-message\" rows=\"4\" placeholder=\"Zde napi\u0161te svou zpr\u00e1vu...\"><\/textarea>\t\t\t\t<\/div>\n\t\t\t\t\t\t\t\t<div class=\"elementor-field-group elementor-column elementor-field-type-submit elementor-col-100 e-form__buttons\">\n\t\t\t\t\t<button type=\"submit\" class=\"elementor-button elementor-size-sm elementor-animation-shrink\">\n\t\t\t\t\t\t<span >\n\t\t\t\t\t\t\t\t\t\t\t\t\t\t\t<span class=\"elementor-button-icon\">\n\t\t\t\t\t\t\t\t\t\t\t\t\t\t\t\t\t\t\t\t\t\t\t\t\t\t<\/span>\n\t\t\t\t\t\t\t\t\t\t\t\t\t\t\t\t\t\t\t\t\t\t<span class=\"elementor-button-text\">ODESLAT ZPR\u00c1VU<\/span>\n\t\t\t\t\t\t\t\t\t\t\t\t\t<\/span>\n\t\t\t\t\t<\/button>\n\t\t\t\t<\/div>\n\t\t\t<\/div>\n\t\t<input type=\"hidden\" name=\"trp-form-language\" value=\"cs\"\/><\/form>\n\t\t\t\t<\/div>\n\t\t\t\t<\/div>\n\t\t\t\t<div class=\"elementor-element elementor-element-0095b4d elementor-widget elementor-widget-google_maps\" data-id=\"0095b4d\" data-element_type=\"widget\" data-widget_type=\"google_maps.default\">\n\t\t\t\t<div class=\"elementor-widget-container\">\n\t\t\t<style>\/*! elementor - v3.20.0 - 20-03-2024 *\/\n.elementor-widget-google_maps .elementor-widget-container{overflow:hidden}.elementor-widget-google_maps .elementor-custom-embed{line-height:0}.elementor-widget-google_maps iframe{height:300px}<\/style>\t\t<div class=\"elementor-custom-embed\">\n\t\t\t<iframe loading=\"lazy\"\n\t\t\t\t\tsrc=\"https:\/\/maps.google.com\/maps?q=Put%20Duilova%2010b%2C%2021000%20Split&#038;t=m&#038;z=12&#038;output=embed&#038;iwloc=near\"\n\t\t\t\t\ttitle=\"Dejte Duilova 10b, 21000 Split\"\n\t\t\t\t\taria-label=\"Dejte Duilova 10b, 21000 Split\"\n\t\t\t><\/iframe>\n\t\t<\/div>\n\t\t\t\t<\/div>\n\t\t\t\t<\/div>\n\t\t\t\t<\/div>\n\t\t\t\t\t<\/div>\n\t\t\t\t<\/div>\n\t\t\t\t<\/div>","protected":false},"excerpt":{"rendered":"<p>Kontaktujte n\u00e1s a prom\u011b\u0148te sv\u016fj domov ve wellness centrum Office Put Duilova 10b, 21000 Split Headquarters BSV Servis doo Ercegovci 46 A, 21232 Dicmo +385 99 664 8976+385 99 529 0545 bsvbazeni@gbsvbahris.com<\/p>","protected":false},"author":1,"featured_media":0,"parent":0,"menu_order":0,"comment_status":"closed","ping_status":"closed","template":"","meta":{"footnotes":""},"class_list":["post-140","page","type-page","status-publish","hentry"],"yoast_head":"<!-- This site is optimized with the Yoast SEO plugin v23.3 - https:\/\/yoast.com\/wordpress\/plugins\/seo\/ -->\n<title>Kontakt - BSV | Jacuzzi, Saune i hladne kade; Osjetite luksuz u va&scaron;em domu<\/title>\n<meta name=\"robots\" content=\"index, follow, max-snippet:-1, max-image-preview:large, max-video-preview:-1\" \/>\n<link rel=\"canonical\" href=\"https:\/\/bsvservis-bazeni.hr\/cs\/kontakt\/\" \/>\n<meta property=\"og:locale\" content=\"cs_CZ\" \/>\n<meta property=\"og:type\" content=\"article\" \/>\n<meta property=\"og:title\" content=\"Kontakt - BSV | Jacuzzi, Saune i hladne kade; Osjetite luksuz u va&scaron;em domu\" \/>\n<meta property=\"og:description\" content=\"Kontaktirajte nas i pretvorite svoj dom u welness centar Ured\u00a0 Put Duilova 10b,21000 Split Sjedi\u0161te B.S.V. Servis d.o.o.\u2028\u2028 Ercegovci 46 A, \u202821232 Dicmo +385 99 664 8976+385 99 529 0545 bsvbazeni@gmail.cominfo@bsvservis-bazeni.hr\" \/>\n<meta property=\"og:url\" content=\"https:\/\/bsvservis-bazeni.hr\/cs\/kontakt\/\" \/>\n<meta property=\"og:site_name\" content=\"BSV | Jacuzzi, Saune i hladne kade; Osjetite luksuz u va&scaron;em domu\" \/>\n<meta property=\"article:modified_time\" content=\"2024-08-06T09:35:37+00:00\" \/>\n<meta name=\"twitter:card\" content=\"summary_large_image\" \/>\n<script type=\"application\/ld+json\" class=\"yoast-schema-graph\">{\"@context\":\"https:\/\/schema.org\",\"@graph\":[{\"@type\":\"WebPage\",\"@id\":\"https:\/\/bsvservis-bazeni.hr\/kontakt\/\",\"url\":\"https:\/\/bsvservis-bazeni.hr\/kontakt\/\",\"name\":\"Kontakt - BSV | Jacuzzi, Saune i hladne kade; Osjetite luksuz u va&scaron;em domu\",\"isPartOf\":{\"@id\":\"https:\/\/bsvservis-bazeni.hr\/#website\"},\"datePublished\":\"2024-05-23T18:39:36+00:00\",\"dateModified\":\"2024-08-06T09:35:37+00:00\",\"breadcrumb\":{\"@id\":\"https:\/\/bsvservis-bazeni.hr\/kontakt\/#breadcrumb\"},\"inLanguage\":\"cs\",\"potentialAction\":[{\"@type\":\"ReadAction\",\"target\":[\"https:\/\/bsvservis-bazeni.hr\/kontakt\/\"]}]},{\"@type\":\"BreadcrumbList\",\"@id\":\"https:\/\/bsvservis-bazeni.hr\/kontakt\/#breadcrumb\",\"itemListElement\":[{\"@type\":\"ListItem\",\"position\":1,\"name\":\"Po\u010detna stranica\",\"item\":\"https:\/\/bsvservis-bazeni.hr\/\"},{\"@type\":\"ListItem\",\"position\":2,\"name\":\"Kontakt\"}]},{\"@type\":\"WebSite\",\"@id\":\"https:\/\/bsvservis-bazeni.hr\/#website\",\"url\":\"https:\/\/bsvservis-bazeni.hr\/\",\"name\":\"BSV | Jacuzzi, Saune i hladne kade; Osjetite luksuz u va\u0161em domu\",\"description\":\"\",\"publisher\":{\"@id\":\"https:\/\/bsvservis-bazeni.hr\/#organization\"},\"potentialAction\":[{\"@type\":\"SearchAction\",\"target\":{\"@type\":\"EntryPoint\",\"urlTemplate\":\"https:\/\/bsvservis-bazeni.hr\/?s={search_term_string}\"},\"query-input\":\"required name=search_term_string\"}],\"inLanguage\":\"cs\"},{\"@type\":\"Organization\",\"@id\":\"https:\/\/bsvservis-bazeni.hr\/#organization\",\"name\":\"BSV | Jacuzzi, Saune i hladne kade; Osjetite luksuz u va\u0161em domu\",\"url\":\"https:\/\/bsvservis-bazeni.hr\/\",\"logo\":{\"@type\":\"ImageObject\",\"inLanguage\":\"cs\",\"@id\":\"https:\/\/bsvservis-bazeni.hr\/#\/schema\/logo\/image\/\",\"url\":\"https:\/\/bsvservis-bazeni.hr\/wp-content\/uploads\/2024\/03\/logo-header.svg\",\"contentUrl\":\"https:\/\/bsvservis-bazeni.hr\/wp-content\/uploads\/2024\/03\/logo-header.svg\",\"width\":69,\"height\":50,\"caption\":\"BSV | Jacuzzi, Saune i hladne kade; Osjetite luksuz u va\u0161em domu\"},\"image\":{\"@id\":\"https:\/\/bsvservis-bazeni.hr\/#\/schema\/logo\/image\/\"}}]}<\/script>\n<!-- \/ Yoast SEO plugin. -->","yoast_head_json":{"title":"Kontakt - BSV | Jacuzzi, Saune i hladne kade; Osjetite luksuz u va&scaron;em domu","robots":{"index":"index","follow":"follow","max-snippet":"max-snippet:-1","max-image-preview":"max-image-preview:large","max-video-preview":"max-video-preview:-1"},"canonical":"https:\/\/bsvservis-bazeni.hr\/cs\/kontakt\/","og_locale":"cs_CZ","og_type":"article","og_title":"Kontakt - BSV | Jacuzzi, Saune i hladne kade; Osjetite luksuz u va&scaron;em domu","og_description":"Kontaktirajte nas i pretvorite svoj dom u welness centar Ured\u00a0 Put Duilova 10b,21000 Split Sjedi\u0161te B.S.V. Servis d.o.o.\u2028\u2028 Ercegovci 46 A, \u202821232 Dicmo +385 99 664 8976+385 99 529 0545 bsvbazeni@gmail.cominfo@bsvservis-bazeni.hr","og_url":"https:\/\/bsvservis-bazeni.hr\/cs\/kontakt\/","og_site_name":"BSV | Jacuzzi, Saune i hladne kade; Osjetite luksuz u va&scaron;em domu","article_modified_time":"2024-08-06T09:35:37+00:00","twitter_card":"summary_large_image","schema":{"@context":"https:\/\/schema.org","@graph":[{"@type":"WebPage","@id":"https:\/\/bsvservis-bazeni.hr\/kontakt\/","url":"https:\/\/bsvservis-bazeni.hr\/kontakt\/","name":"Kontakt - BSV | Jacuzzi, Saune i hladne kade; Osjetite luksuz u va&scaron;em domu","isPartOf":{"@id":"https:\/\/bsvservis-bazeni.hr\/#website"},"datePublished":"2024-05-23T18:39:36+00:00","dateModified":"2024-08-06T09:35:37+00:00","breadcrumb":{"@id":"https:\/\/bsvservis-bazeni.hr\/kontakt\/#breadcrumb"},"inLanguage":"cs","potentialAction":[{"@type":"ReadAction","target":["https:\/\/bsvservis-bazeni.hr\/kontakt\/"]}]},{"@type":"BreadcrumbList","@id":"https:\/\/bsvservis-bazeni.hr\/kontakt\/#breadcrumb","itemListElement":[{"@type":"ListItem","position":1,"name":"Po\u010detna stranica","item":"https:\/\/bsvservis-bazeni.hr\/"},{"@type":"ListItem","position":2,"name":"Kontakt"}]},{"@type":"WebSite","@id":"https:\/\/bsvservis-bazeni.hr\/#website","url":"https:\/\/bsvservis-bazeni.hr\/","name":"BSV | Jacuzzi, Saune i hladne kade; Osjetite luksuz u va\u0161em domu","description":"","publisher":{"@id":"https:\/\/bsvservis-bazeni.hr\/#organization"},"potentialAction":[{"@type":"SearchAction","target":{"@type":"EntryPoint","urlTemplate":"https:\/\/bsvservis-bazeni.hr\/?s={search_term_string}"},"query-input":"required name=search_term_string"}],"inLanguage":"cs"},{"@type":"Organization","@id":"https:\/\/bsvservis-bazeni.hr\/#organization","name":"BSV | Jacuzzi, Saune i hladne kade; Osjetite luksuz u va\u0161em domu","url":"https:\/\/bsvservis-bazeni.hr\/","logo":{"@type":"ImageObject","inLanguage":"cs","@id":"https:\/\/bsvservis-bazeni.hr\/#\/schema\/logo\/image\/","url":"https:\/\/bsvservis-bazeni.hr\/wp-content\/uploads\/2024\/03\/logo-header.svg","contentUrl":"https:\/\/bsvservis-bazeni.hr\/wp-content\/uploads\/2024\/03\/logo-header.svg","width":69,"height":50,"caption":"BSV | Jacuzzi, Saune i hladne kade; Osjetite luksuz u va\u0161em domu"},"image":{"@id":"https:\/\/bsvservis-bazeni.hr\/#\/schema\/logo\/image\/"}}]}},"_links":{"self":[{"href":"https:\/\/bsvservis-bazeni.hr\/cs\/wp-json\/wp\/v2\/pages\/140","targetHints":{"allow":["GET"]}}],"collection":[{"href":"https:\/\/bsvservis-bazeni.hr\/cs\/wp-json\/wp\/v2\/pages"}],"about":[{"href":"https:\/\/bsvservis-bazeni.hr\/cs\/wp-json\/wp\/v2\/types\/page"}],"author":[{"embeddable":true,"href":"https:\/\/bsvservis-bazeni.hr\/cs\/wp-json\/wp\/v2\/users\/1"}],"replies":[{"embeddable":true,"href":"https:\/\/bsvservis-bazeni.hr\/cs\/wp-json\/wp\/v2\/comments?post=140"}],"version-history":[{"count":46,"href":"https:\/\/bsvservis-bazeni.hr\/cs\/wp-json\/wp\/v2\/pages\/140\/revisions"}],"predecessor-version":[{"id":1035,"href":"https:\/\/bsvservis-bazeni.hr\/cs\/wp-json\/wp\/v2\/pages\/140\/revisions\/1035"}],"wp:attachment":[{"href":"https:\/\/bsvservis-bazeni.hr\/cs\/wp-json\/wp\/v2\/media?parent=140"}],"curies":[{"name":"wp","href":"https:\/\/api.w.org\/{rel}","templated":true}]}}